{"id":146,"date":"2014-06-12T11:16:08","date_gmt":"2014-06-12T11:16:08","guid":{"rendered":"http:\/\/feuerwerk-events.de\/?page_id=146"},"modified":"2014-06-12T11:16:55","modified_gmt":"2014-06-12T11:16:55","slug":"partnerprogramme","status":"publish","type":"page","link":"https:\/\/www.feuerwerk-kalender.de\/?page_id=146","title":{"rendered":"Partnerprogramme"},"content":{"rendered":"<p>Auf dieser Seite m\u00f6chte ich Ihnen einige Partnerprogramme anbieten. Wenn Sie \u00fcber die Links \/ Banner dieser Seite bei den entsprechenden Partnern ihre Eink\u00e4ufe t\u00e4tigen, unterst\u00fctzen Sie gleichzeitig den Feuerwerk-Kalender.&lt;p&gt;<\/p>\n\n<table id=\"tablepress-2\" class=\"tablepress tablepress-id-2\">\n<tbody class=\"row-hover\">\n<tr class=\"row-1 odd\">\n\t<td class=\"column-1\">Feuerwerksk\u00f6rper f\u00fcr Silvester, Hochzeiten und andere Feste<\/td>\n<\/tr>\n<tr class=\"row-2 even\">\n\t<td class=\"column-1\"><a href=\"https:\/\/www.pyroweb.de\/?WebID=1286&amp;JumpIn=1\" target=\"_blank\" rel=\"noopener noreferrer\"><img decoding=\"async\" src=\"https:\/\/www.pyroweb.de\/PyrowebImgRequest.php?BannerID=72&amp;WebID=1286\" alt=\"pyroweb.de | OnlineShop f&uuml;r Feuerwerk und Pyrotechnik\"><\/a><\/td>\n<\/tr>\n<tr class=\"row-3 odd\">\n\t<td class=\"column-1\"><a href=\"https:\/\/www.pyroland.de\/?ref=517\" target=\"_blank\" rel=\"noopener noreferrer\"><img decoding=\"async\" src=\"https:\/\/www.feuerwerk-kalender.de\/wp-content\/uploads\/2020\/01\/pyroland39-2.png\" border=\"0\" alt=\"Pyroland Feuerwerk Shop\"><\/a><\/td>\n<\/tr>\n<tr class=\"row-4 even\">\n\t<td class=\"column-1\">Tickes f\u00fcr Veranstaltungen mit Feuerwerken (z.B.Pyronale, K\u00f6lner Lichter usw.)<\/td>\n<\/tr>\n<tr class=\"row-5 odd\">\n\t<td class=\"column-1\"><a href=\"https:\/\/www.zanox-affiliate.de\/ppc\/?11953521C680398011T\"><br \/>\n<img decoding=\"async\" src=\"https:\/\/www.zanox-affiliate.de\/ppv\/?11953521C680398011\" align=\"bottom\" border=\"0\" hspace=\"1\" alt=\"U2 Tickets bei www.eventim.de\"\/><\/td>\n<\/tr>\n<tr class=\"row-6 even\">\n\t<td class=\"column-1\">Exclusive Events verschenken (z,B. ein Tag als Pyrotechniker)<\/td>\n<\/tr>\n<tr class=\"row-7 odd\">\n\t<td class=\"column-1\"><a href=\"https:\/\/ad.zanox.com\/ppc\/?11953528C359289489T\"><br \/>\n<img decoding=\"async\" src=\"https:\/\/ad.zanox.com\/ppv\/?11953528C359289489\" align=\"bottom\" border=\"0\" hspace=\"1\" alt=\"468x60 Fallschirm Tandem\"\/><\/td>\n<\/tr>\n<tr class=\"row-8 even\">\n\t<td class=\"column-1\">Sonstige<\/td>\n<\/tr>\n<tr class=\"row-9 odd\">\n\t<td class=\"column-1\"><iframe loading=\"lazy\" src=\"https:\/\/rcm-eu.amazon-adsystem.com\/e\/cm?t=feuerwerkkalende&amp;o=3&amp;p=26&amp;l=ez&amp;f=ifr&amp;f=ifr\" width=\"468\" height=\"60\" scrolling=\"no\" marginwidth=\"0\" marginheight=\"0\" border=\"0\" frameborder=\"0\" style=\"border:none;\"><\/iframe><br \/>\n<\/td>\n<\/tr>\n<\/tbody>\n<\/table>\n<!-- #tablepress-2 from cache -->\n<p>&nbsp;<\/p>\n<p>&nbsp;<\/p>\n","protected":false},"excerpt":{"rendered":"<p>Auf dieser Seite m\u00f6chte ich Ihnen einige Partnerprogramme anbieten. Wenn Sie \u00fcber die Links \/ Banner dieser Seite bei den entsprechenden Partnern ihre Eink\u00e4ufe t\u00e4tigen, unterst\u00fctzen Sie gleichzeitig den Feuerwerk-Kalender.&lt;p&gt; &nbsp; &nbsp;<\/p>\n","protected":false},"author":1,"featured_media":0,"parent":0,"menu_order":0,"comment_status":"closed","ping_status":"closed","template":"","meta":{"footnotes":""},"class_list":["post-146","page","type-page","status-publish","hentry"],"_links":{"self":[{"href":"https:\/\/www.feuerwerk-kalender.de\/index.php?rest_route=\/wp\/v2\/pages\/146","targetHints":{"allow":["GET"]}}],"collection":[{"href":"https:\/\/www.feuerwerk-kalender.de\/index.php?rest_route=\/wp\/v2\/pages"}],"about":[{"href":"https:\/\/www.feuerwerk-kalender.de\/index.php?rest_route=\/wp\/v2\/types\/page"}],"author":[{"embeddable":true,"href":"https:\/\/www.feuerwerk-kalender.de\/index.php?rest_route=\/wp\/v2\/users\/1"}],"replies":[{"embeddable":true,"href":"https:\/\/www.feuerwerk-kalender.de\/index.php?rest_route=%2Fwp%2Fv2%2Fcomments&post=146"}],"version-history":[{"count":1,"href":"https:\/\/www.feuerwerk-kalender.de\/index.php?rest_route=\/wp\/v2\/pages\/146\/revisions"}],"predecessor-version":[{"id":147,"href":"https:\/\/www.feuerwerk-kalender.de\/index.php?rest_route=\/wp\/v2\/pages\/146\/revisions\/147"}],"wp:attachment":[{"href":"https:\/\/www.feuerwerk-kalender.de\/index.php?rest_route=%2Fwp%2Fv2%2Fmedia&parent=146"}],"curies":[{"name":"wp","href":"https:\/\/api.w.org\/{rel}","templated":true}]}}